{"id":2,"date":"2020-11-10T14:42:00","date_gmt":"2020-11-10T13:42:00","guid":{"rendered":"https:\/\/nehm-info.de\/?page_id=2"},"modified":"2021-02-02T16:07:25","modified_gmt":"2021-02-02T15:07:25","slug":"impressum","status":"publish","type":"page","link":"https:\/\/nehm-info.de\/en\/impressum\/","title":{"rendered":"Imprint"},"content":{"rendered":"<p><strong>Hilmar Nehm <\/strong>Lawyer Specialist in tax law Sworn auditor<\/p>\n\n\n\n<p>Kaiserberg 10, D-40878 Ratingen, Tel. +49 (0)2102 864268-0, FAX +49 (0)2102 864268-4 nehm@nehm-coll.de<\/p>\n\n\n\n<p><strong>Information according to \u00a7 5 TMG and \u00a7 2 DL-InfoV:<br><\/strong><strong><br><\/strong><strong>Supervisory authority and chamber<\/strong><\/p>\n\n\n\n<p><a href=\"http:\/\/www.rechtsanwaltskammer-duesseldorf.de\/\" target=\"_blank\" rel=\"noreferrer noopener\">Bar Association D\u00fcsseldorf<\/a>, Freiligrathstra\u00dfe 25, 40479 D\u00fcsseldorf<br><a href=\"http:\/\/www.wpk.de\/home\/home.asp\" target=\"_blank\" rel=\"noreferrer noopener\">Chamber of Auditors<\/a>, Rauchstra\u00dfe 26, 10787 Berlin<\/p>\n\n\n\n<p><strong>Professional liability insurance&nbsp;<br><\/strong><br>HDI-Gerling Firmen und Privatversicherung AG, HDI-Platz 1, 30659 Hannover<\/p>\n\n\n\n<p>Territorial scope: The insurance coverage does not apply to liability claims arising from activities through law firms or offices established or maintained in other countries, in connection with advice and employment in non-European law or of the lawyer before non-European courts.<\/p>\n\n\n\n<p><strong>Sales Tax ID:<br><\/strong>DE 119236579<\/p>\n\n\n\n<p><strong>Disclaimer of Warranty for Links<\/strong><br>These pages of the Web offer of lawyer Hilmar Nehm \"Links\" to Internet pages of third parties. I expressly declare that, upon preparation of the links existing on these pages, the pages to which reference is made were free from any illegal contents. It is not possible to review the linked pages with regard to any and all rights of third parties, in particular also regarding copyrights or industrial property rights. I have no influence on the present or future arrangement of the contents covered by those pages. Therefore, I dissociate from the contents of all Internet pages provided with a Link from here. Only the supplier of the page, to which reference was made, shall be liable for illegal, inaccurate or incomplete contents as well as for any damages arising from the use or disuse or the reliance on information available there.<\/p>","protected":false},"excerpt":{"rendered":"<p>Hilmar Nehm Rechtsanwalt Fachanwalt f\u00fcr Steuerrecht Vereidigter Buchpr\u00fcfer Kaiserberg 10, D-40878 Ratingen, Tel. +49 (0)2102 864268-0, FAX +49 (0)2102 864268-4 nehm@nehm-coll.de Angaben nach \u00a7 5 TMG und \u00a7 2 DL-InfoV:Aufsichtsbeh\u00f6rde und Kammer Rechtsanwaltskammer D\u00fcsseldorf, Freiligrathstra\u00dfe 25, 40479 D\u00fcsseldorfWirtschaftspr\u00fcferkammer, Rauchstra\u00dfe 26, 10787 Berlin Berufshaftpflichtversicherung&nbsp;HDI-Gerling Firmen und Privatversicherung AG, HDI-Platz 1, 30659 Hannover R\u00e4umlicher Geltungsbereich: Der Versicherungsschutz &hellip;<\/p>\n<p class=\"read-more\"> <a class=\"\" href=\"https:\/\/nehm-info.de\/en\/impressum\/\"> <span class=\"screen-reader-text\">Imprint<\/span> Read More &raquo;<\/a><\/p>","protected":false},"author":1,"featured_media":0,"parent":0,"menu_order":0,"comment_status":"closed","ping_status":"closed","template":"","meta":[],"yoast_head":"<!-- This site is optimized with the Yoast SEO plugin v19.13 - https:\/\/yoast.com\/wordpress\/plugins\/seo\/ -->\n<title>Impressum - Rechtsanwalt Hilmar Nehm<\/title>\n<meta name=\"robots\" content=\"index, follow, max-snippet:-1, max-image-preview:large, max-video-preview:-1\" \/>\n<link rel=\"canonical\" href=\"https:\/\/nehm-info.de\/en\/impressum\/\" \/>\n<meta property=\"og:locale\" content=\"en_US\" \/>\n<meta property=\"og:type\" content=\"article\" \/>\n<meta property=\"og:title\" content=\"Impressum - Rechtsanwalt Hilmar Nehm\" \/>\n<meta property=\"og:description\" content=\"Hilmar Nehm Rechtsanwalt Fachanwalt f\u00fcr Steuerrecht Vereidigter Buchpr\u00fcfer Kaiserberg 10, D-40878 Ratingen, Tel. +49 (0)2102 864268-0, FAX +49 (0)2102 864268-4 nehm@nehm-coll.de Angaben nach \u00a7 5 TMG und \u00a7 2 DL-InfoV:Aufsichtsbeh\u00f6rde und Kammer Rechtsanwaltskammer D\u00fcsseldorf, Freiligrathstra\u00dfe 25, 40479 D\u00fcsseldorfWirtschaftspr\u00fcferkammer, Rauchstra\u00dfe 26, 10787 Berlin Berufshaftpflichtversicherung&nbsp;HDI-Gerling Firmen und Privatversicherung AG, HDI-Platz 1, 30659 Hannover R\u00e4umlicher Geltungsbereich: Der Versicherungsschutz &hellip; Impressum Read More &raquo;\" \/>\n<meta property=\"og:url\" content=\"https:\/\/nehm-info.de\/en\/impressum\/\" \/>\n<meta property=\"og:site_name\" content=\"Rechtsanwalt Hilmar Nehm\" \/>\n<meta property=\"article:modified_time\" content=\"2021-02-02T15:07:25+00:00\" \/>\n<meta name=\"twitter:card\" content=\"summary_large_image\" \/>\n<meta name=\"twitter:label1\" content=\"Est. reading time\" \/>\n\t<meta name=\"twitter:data1\" content=\"1 minute\" \/>\n<script type=\"application\/ld+json\" class=\"yoast-schema-graph\">{\"@context\":\"https:\/\/schema.org\",\"@graph\":[{\"@type\":\"WebPage\",\"@id\":\"https:\/\/nehm-info.de\/impressum\/\",\"url\":\"https:\/\/nehm-info.de\/impressum\/\",\"name\":\"Impressum - Rechtsanwalt Hilmar Nehm\",\"isPartOf\":{\"@id\":\"https:\/\/nehm-info.de\/#website\"},\"datePublished\":\"2020-11-10T13:42:00+00:00\",\"dateModified\":\"2021-02-02T15:07:25+00:00\",\"breadcrumb\":{\"@id\":\"https:\/\/nehm-info.de\/impressum\/#breadcrumb\"},\"inLanguage\":\"en-US\",\"potentialAction\":[{\"@type\":\"ReadAction\",\"target\":[\"https:\/\/nehm-info.de\/impressum\/\"]}]},{\"@type\":\"BreadcrumbList\",\"@id\":\"https:\/\/nehm-info.de\/impressum\/#breadcrumb\",\"itemListElement\":[{\"@type\":\"ListItem\",\"position\":1,\"name\":\"Startseite\",\"item\":\"https:\/\/nehm-info.de\/\"},{\"@type\":\"ListItem\",\"position\":2,\"name\":\"Impressum\"}]},{\"@type\":\"WebSite\",\"@id\":\"https:\/\/nehm-info.de\/#website\",\"url\":\"https:\/\/nehm-info.de\/\",\"name\":\"Rechtsanwalt Hilmar Nehm\",\"description\":\"Au\u00dfenhandel, Au\u00dfenwirtschafts- und Zollrecht\",\"potentialAction\":[{\"@type\":\"SearchAction\",\"target\":{\"@type\":\"EntryPoint\",\"urlTemplate\":\"https:\/\/nehm-info.de\/?s={search_term_string}\"},\"query-input\":\"required name=search_term_string\"}],\"inLanguage\":\"en-US\"}]}<\/script>\n<!-- \/ Yoast SEO plugin. -->","yoast_head_json":{"title":"Impressum - Rechtsanwalt Hilmar Nehm","robots":{"index":"index","follow":"follow","max-snippet":"max-snippet:-1","max-image-preview":"max-image-preview:large","max-video-preview":"max-video-preview:-1"},"canonical":"https:\/\/nehm-info.de\/en\/impressum\/","og_locale":"en_US","og_type":"article","og_title":"Impressum - Rechtsanwalt Hilmar Nehm","og_description":"Hilmar Nehm Rechtsanwalt Fachanwalt f\u00fcr Steuerrecht Vereidigter Buchpr\u00fcfer Kaiserberg 10, D-40878 Ratingen, Tel. +49 (0)2102 864268-0, FAX +49 (0)2102 864268-4 nehm@nehm-coll.de Angaben nach \u00a7 5 TMG und \u00a7 2 DL-InfoV:Aufsichtsbeh\u00f6rde und Kammer Rechtsanwaltskammer D\u00fcsseldorf, Freiligrathstra\u00dfe 25, 40479 D\u00fcsseldorfWirtschaftspr\u00fcferkammer, Rauchstra\u00dfe 26, 10787 Berlin Berufshaftpflichtversicherung&nbsp;HDI-Gerling Firmen und Privatversicherung AG, HDI-Platz 1, 30659 Hannover R\u00e4umlicher Geltungsbereich: Der Versicherungsschutz &hellip; Impressum Read More &raquo;","og_url":"https:\/\/nehm-info.de\/en\/impressum\/","og_site_name":"Rechtsanwalt Hilmar Nehm","article_modified_time":"2021-02-02T15:07:25+00:00","twitter_card":"summary_large_image","twitter_misc":{"Est. reading time":"1 minute"},"schema":{"@context":"https:\/\/schema.org","@graph":[{"@type":"WebPage","@id":"https:\/\/nehm-info.de\/impressum\/","url":"https:\/\/nehm-info.de\/impressum\/","name":"Impressum - Rechtsanwalt Hilmar Nehm","isPartOf":{"@id":"https:\/\/nehm-info.de\/#website"},"datePublished":"2020-11-10T13:42:00+00:00","dateModified":"2021-02-02T15:07:25+00:00","breadcrumb":{"@id":"https:\/\/nehm-info.de\/impressum\/#breadcrumb"},"inLanguage":"en-US","potentialAction":[{"@type":"ReadAction","target":["https:\/\/nehm-info.de\/impressum\/"]}]},{"@type":"BreadcrumbList","@id":"https:\/\/nehm-info.de\/impressum\/#breadcrumb","itemListElement":[{"@type":"ListItem","position":1,"name":"Startseite","item":"https:\/\/nehm-info.de\/"},{"@type":"ListItem","position":2,"name":"Impressum"}]},{"@type":"WebSite","@id":"https:\/\/nehm-info.de\/#website","url":"https:\/\/nehm-info.de\/","name":"Rechtsanwalt Hilmar Nehm","description":"Au\u00dfenhandel, Au\u00dfenwirtschafts- und Zollrecht","potentialAction":[{"@type":"SearchAction","target":{"@type":"EntryPoint","urlTemplate":"https:\/\/nehm-info.de\/?s={search_term_string}"},"query-input":"required name=search_term_string"}],"inLanguage":"en-US"}]}},"_links":{"self":[{"href":"https:\/\/nehm-info.de\/en\/wp-json\/wp\/v2\/pages\/2"}],"collection":[{"href":"https:\/\/nehm-info.de\/en\/wp-json\/wp\/v2\/pages"}],"about":[{"href":"https:\/\/nehm-info.de\/en\/wp-json\/wp\/v2\/types\/page"}],"author":[{"embeddable":true,"href":"https:\/\/nehm-info.de\/en\/wp-json\/wp\/v2\/users\/1"}],"replies":[{"embeddable":true,"href":"https:\/\/nehm-info.de\/en\/wp-json\/wp\/v2\/comments?post=2"}],"version-history":[{"count":50,"href":"https:\/\/nehm-info.de\/en\/wp-json\/wp\/v2\/pages\/2\/revisions"}],"predecessor-version":[{"id":462,"href":"https:\/\/nehm-info.de\/en\/wp-json\/wp\/v2\/pages\/2\/revisions\/462"}],"wp:attachment":[{"href":"https:\/\/nehm-info.de\/en\/wp-json\/wp\/v2\/media?parent=2"}],"curies":[{"name":"wp","href":"https:\/\/api.w.org\/{rel}","templated":true}]}}