{"id":290,"date":"2020-11-25T10:06:27","date_gmt":"2020-11-25T09:06:27","guid":{"rendered":"https:\/\/nehm-info.de\/?page_id=290"},"modified":"2021-01-19T10:21:56","modified_gmt":"2021-01-19T09:21:56","slug":"rechtsgebiete","status":"publish","type":"page","link":"https:\/\/nehm-info.de\/en\/rechtsgebiete\/","title":{"rendered":"Legal fields"},"content":{"rendered":"<p id=\"block-c07f03fe-af58-4215-8cff-df4baad5328b\"><strong>Cross boarder business, foreign trade legislation and customs law<\/strong><\/p>\n\n\n\n<p>The core theme of my daily work is the legal framework under which goods may be traded across borders, be it in trade with third countries or in intra-community trade.<\/p>\n\n\n\n<p id=\"block-a4bb7a0b-a50d-483f-9bd9-5bd209e27739\">This is not limited on state taxes, like customs duties, sales tax or excise duties, but also about all types of sovereign or private law dirigisme, such as product approval, product labeling or market foreclosure, etc..<\/p>\n\n\n\n<p id=\"block-1345c3e9-cf0b-490c-ad53-05d3df589d0d\">Customs law mostly deals with questions of authorizations.  The focus related to imports is on questions of tariff classification and the valuation for customs purposes.  Questions of origin and questions about preferences arise likewise with imports and exports.<\/p>\n\n\n\n<p id=\"block-9c9fbb62-4e9b-4749-89af-120b659cf332\">Foreign trade law mostly deals with questions of legitimacy of export or transit transactions.<\/p>\n\n\n\n<p id=\"block-f3d28fce-fcb5-4633-838e-e9ff9cf6b777\">I advise my clients on all of these questions, just as I represent their interests before German and European authorities, institutions and courts.<\/p>\n\n\n\n<p><\/p>\n\n\n\n<p><strong>Tax law<\/strong><\/p>\n\n\n\n<p>Given the diverse regulations under tax law, well-founded legal advice rendered in connection with questions raised in tax matters is indispensable. This applies in particular to value added (sales) tax and consumption taxes.<\/p>\n\n\n\n<p>The interface to customs and foreign trade law includes representation in white-collar crime as well as fine-related matters.<\/p>","protected":false},"excerpt":{"rendered":"<p>Au\u00dfenhandel, Au\u00dfenwirtschafts- und Zollrecht Den Schwerpunkt meiner t\u00e4glichen Arbeit stellen die rechtlichen Rahmenbedingungen dar, zu denen eine Ware \u00fcber eine Grenze gehandelt werden darf, sei es im Handel mit Drittl\u00e4ndern oder im innergemeinschaftlichen Handel. Es geht dabei nicht nur um staatliche Abgaben, wie Z\u00f6lle, Umsatzsteuer oder Verbrauchsteuern, sondern um alle Arten von hoheitlichem oder privatrechtlichem &hellip;<\/p>\n<p class=\"read-more\"> <a class=\"\" href=\"https:\/\/nehm-info.de\/en\/rechtsgebiete\/\"> <span class=\"screen-reader-text\">Legal fields<\/span> Read More &raquo;<\/a><\/p>","protected":false},"author":1,"featured_media":0,"parent":0,"menu_order":0,"comment_status":"closed","ping_status":"closed","template":"","meta":[],"yoast_head":"<!-- This site is optimized with the Yoast SEO plugin v19.13 - https:\/\/yoast.com\/wordpress\/plugins\/seo\/ -->\n<title>Rechtsgebiete - Rechtsanwalt Hilmar Nehm<\/title>\n<meta name=\"robots\" content=\"index, follow, max-snippet:-1, max-image-preview:large, max-video-preview:-1\" \/>\n<link rel=\"canonical\" href=\"https:\/\/nehm-info.de\/en\/rechtsgebiete\/\" \/>\n<meta property=\"og:locale\" content=\"en_US\" \/>\n<meta property=\"og:type\" content=\"article\" \/>\n<meta property=\"og:title\" content=\"Rechtsgebiete - Rechtsanwalt Hilmar Nehm\" \/>\n<meta property=\"og:description\" content=\"Au\u00dfenhandel, Au\u00dfenwirtschafts- und Zollrecht Den Schwerpunkt meiner t\u00e4glichen Arbeit stellen die rechtlichen Rahmenbedingungen dar, zu denen eine Ware \u00fcber eine Grenze gehandelt werden darf, sei es im Handel mit Drittl\u00e4ndern oder im innergemeinschaftlichen Handel. Es geht dabei nicht nur um staatliche Abgaben, wie Z\u00f6lle, Umsatzsteuer oder Verbrauchsteuern, sondern um alle Arten von hoheitlichem oder privatrechtlichem &hellip; Rechtsgebiete Read More &raquo;\" \/>\n<meta property=\"og:url\" content=\"https:\/\/nehm-info.de\/en\/rechtsgebiete\/\" \/>\n<meta property=\"og:site_name\" content=\"Rechtsanwalt Hilmar Nehm\" \/>\n<meta property=\"article:modified_time\" content=\"2021-01-19T09:21:56+00:00\" \/>\n<meta name=\"twitter:card\" content=\"summary_large_image\" \/>\n<meta name=\"twitter:label1\" content=\"Est. reading time\" \/>\n\t<meta name=\"twitter:data1\" content=\"1 minute\" \/>\n<script type=\"application\/ld+json\" class=\"yoast-schema-graph\">{\"@context\":\"https:\/\/schema.org\",\"@graph\":[{\"@type\":\"WebPage\",\"@id\":\"https:\/\/nehm-info.de\/rechtsgebiete\/\",\"url\":\"https:\/\/nehm-info.de\/rechtsgebiete\/\",\"name\":\"Rechtsgebiete - Rechtsanwalt Hilmar Nehm\",\"isPartOf\":{\"@id\":\"https:\/\/nehm-info.de\/#website\"},\"datePublished\":\"2020-11-25T09:06:27+00:00\",\"dateModified\":\"2021-01-19T09:21:56+00:00\",\"breadcrumb\":{\"@id\":\"https:\/\/nehm-info.de\/rechtsgebiete\/#breadcrumb\"},\"inLanguage\":\"en-US\",\"potentialAction\":[{\"@type\":\"ReadAction\",\"target\":[\"https:\/\/nehm-info.de\/rechtsgebiete\/\"]}]},{\"@type\":\"BreadcrumbList\",\"@id\":\"https:\/\/nehm-info.de\/rechtsgebiete\/#breadcrumb\",\"itemListElement\":[{\"@type\":\"ListItem\",\"position\":1,\"name\":\"Startseite\",\"item\":\"https:\/\/nehm-info.de\/\"},{\"@type\":\"ListItem\",\"position\":2,\"name\":\"Rechtsgebiete\"}]},{\"@type\":\"WebSite\",\"@id\":\"https:\/\/nehm-info.de\/#website\",\"url\":\"https:\/\/nehm-info.de\/\",\"name\":\"Rechtsanwalt Hilmar Nehm\",\"description\":\"Au\u00dfenhandel, Au\u00dfenwirtschafts- und Zollrecht\",\"potentialAction\":[{\"@type\":\"SearchAction\",\"target\":{\"@type\":\"EntryPoint\",\"urlTemplate\":\"https:\/\/nehm-info.de\/?s={search_term_string}\"},\"query-input\":\"required name=search_term_string\"}],\"inLanguage\":\"en-US\"}]}<\/script>\n<!-- \/ Yoast SEO plugin. -->","yoast_head_json":{"title":"Rechtsgebiete - Rechtsanwalt Hilmar Nehm","robots":{"index":"index","follow":"follow","max-snippet":"max-snippet:-1","max-image-preview":"max-image-preview:large","max-video-preview":"max-video-preview:-1"},"canonical":"https:\/\/nehm-info.de\/en\/rechtsgebiete\/","og_locale":"en_US","og_type":"article","og_title":"Rechtsgebiete - Rechtsanwalt Hilmar Nehm","og_description":"Au\u00dfenhandel, Au\u00dfenwirtschafts- und Zollrecht Den Schwerpunkt meiner t\u00e4glichen Arbeit stellen die rechtlichen Rahmenbedingungen dar, zu denen eine Ware \u00fcber eine Grenze gehandelt werden darf, sei es im Handel mit Drittl\u00e4ndern oder im innergemeinschaftlichen Handel. Es geht dabei nicht nur um staatliche Abgaben, wie Z\u00f6lle, Umsatzsteuer oder Verbrauchsteuern, sondern um alle Arten von hoheitlichem oder privatrechtlichem &hellip; Rechtsgebiete Read More &raquo;","og_url":"https:\/\/nehm-info.de\/en\/rechtsgebiete\/","og_site_name":"Rechtsanwalt Hilmar Nehm","article_modified_time":"2021-01-19T09:21:56+00:00","twitter_card":"summary_large_image","twitter_misc":{"Est. reading time":"1 minute"},"schema":{"@context":"https:\/\/schema.org","@graph":[{"@type":"WebPage","@id":"https:\/\/nehm-info.de\/rechtsgebiete\/","url":"https:\/\/nehm-info.de\/rechtsgebiete\/","name":"Rechtsgebiete - Rechtsanwalt Hilmar Nehm","isPartOf":{"@id":"https:\/\/nehm-info.de\/#website"},"datePublished":"2020-11-25T09:06:27+00:00","dateModified":"2021-01-19T09:21:56+00:00","breadcrumb":{"@id":"https:\/\/nehm-info.de\/rechtsgebiete\/#breadcrumb"},"inLanguage":"en-US","potentialAction":[{"@type":"ReadAction","target":["https:\/\/nehm-info.de\/rechtsgebiete\/"]}]},{"@type":"BreadcrumbList","@id":"https:\/\/nehm-info.de\/rechtsgebiete\/#breadcrumb","itemListElement":[{"@type":"ListItem","position":1,"name":"Startseite","item":"https:\/\/nehm-info.de\/"},{"@type":"ListItem","position":2,"name":"Rechtsgebiete"}]},{"@type":"WebSite","@id":"https:\/\/nehm-info.de\/#website","url":"https:\/\/nehm-info.de\/","name":"Rechtsanwalt Hilmar Nehm","description":"Au\u00dfenhandel, Au\u00dfenwirtschafts- und Zollrecht","potentialAction":[{"@type":"SearchAction","target":{"@type":"EntryPoint","urlTemplate":"https:\/\/nehm-info.de\/?s={search_term_string}"},"query-input":"required name=search_term_string"}],"inLanguage":"en-US"}]}},"_links":{"self":[{"href":"https:\/\/nehm-info.de\/en\/wp-json\/wp\/v2\/pages\/290"}],"collection":[{"href":"https:\/\/nehm-info.de\/en\/wp-json\/wp\/v2\/pages"}],"about":[{"href":"https:\/\/nehm-info.de\/en\/wp-json\/wp\/v2\/types\/page"}],"author":[{"embeddable":true,"href":"https:\/\/nehm-info.de\/en\/wp-json\/wp\/v2\/users\/1"}],"replies":[{"embeddable":true,"href":"https:\/\/nehm-info.de\/en\/wp-json\/wp\/v2\/comments?post=290"}],"version-history":[{"count":27,"href":"https:\/\/nehm-info.de\/en\/wp-json\/wp\/v2\/pages\/290\/revisions"}],"predecessor-version":[{"id":460,"href":"https:\/\/nehm-info.de\/en\/wp-json\/wp\/v2\/pages\/290\/revisions\/460"}],"wp:attachment":[{"href":"https:\/\/nehm-info.de\/en\/wp-json\/wp\/v2\/media?parent=290"}],"curies":[{"name":"wp","href":"https:\/\/api.w.org\/{rel}","templated":true}]}}