{"id":344,"date":"2020-12-08T14:24:44","date_gmt":"2020-12-08T13:24:44","guid":{"rendered":"https:\/\/nehm-info.de\/?page_id=344"},"modified":"2023-01-02T16:44:01","modified_gmt":"2023-01-02T15:44:01","slug":"kooperationen","status":"publish","type":"page","link":"https:\/\/nehm-info.de\/en\/kooperationen\/","title":{"rendered":"Cooperations"},"content":{"rendered":"<p>In the course of the many years of my professional activity, field-tested and reliable partnerships with lawyers, tax advisors and accountants have developed.  This applies above all to the areas of my expertise foreign business, foreign trade and customs law, so that I have a network of specialists in other countries in these areas, be it in other EU member states or in third countries. I would be happy to connect you with these specialists and, of course, I will support you.<\/p>\n\n\n\n<p><\/p>","protected":false},"excerpt":{"rendered":"<p>Im Laufe der vielen Jahre meiner beruflichen T\u00e4tigkeit haben sich praxiserprobte und bew\u00e4hrte Kooperationen zu Rechtsanw\u00e4lten, Steuerberatern oder Wirtschaftspr\u00fcfern entwickelt.&nbsp; Dies gilt vor allem f\u00fcr die Bereiche meiner Kompetenzfelder Au\u00dfenhandel, Au\u00dfenwirtschafts- und Zollrecht, so dass ich in diesen Bereichen \u00fcber ein Netzwerk von Spezialisten in anderen L\u00e4ndern verf\u00fcge, sei es in anderen EU Mitgliedsstaaten oder &hellip;<\/p>\n<p class=\"read-more\"> <a class=\"\" href=\"https:\/\/nehm-info.de\/en\/kooperationen\/\"> <span class=\"screen-reader-text\">Cooperations<\/span> Read More &raquo;<\/a><\/p>","protected":false},"author":1,"featured_media":0,"parent":0,"menu_order":0,"comment_status":"closed","ping_status":"closed","template":"","meta":[],"yoast_head":"<!-- This site is optimized with the Yoast SEO plugin v19.13 - https:\/\/yoast.com\/wordpress\/plugins\/seo\/ -->\n<title>Kooperationen - Rechtsanwalt Hilmar Nehm<\/title>\n<meta name=\"robots\" content=\"index, follow, max-snippet:-1, max-image-preview:large, max-video-preview:-1\" \/>\n<link rel=\"canonical\" href=\"https:\/\/nehm-info.de\/en\/kooperationen\/\" \/>\n<meta property=\"og:locale\" content=\"en_US\" \/>\n<meta property=\"og:type\" content=\"article\" \/>\n<meta property=\"og:title\" content=\"Kooperationen - Rechtsanwalt Hilmar Nehm\" \/>\n<meta property=\"og:description\" content=\"Im Laufe der vielen Jahre meiner beruflichen T\u00e4tigkeit haben sich praxiserprobte und bew\u00e4hrte Kooperationen zu Rechtsanw\u00e4lten, Steuerberatern oder Wirtschaftspr\u00fcfern entwickelt.&nbsp; Dies gilt vor allem f\u00fcr die Bereiche meiner Kompetenzfelder Au\u00dfenhandel, Au\u00dfenwirtschafts- und Zollrecht, so dass ich in diesen Bereichen \u00fcber ein Netzwerk von Spezialisten in anderen L\u00e4ndern verf\u00fcge, sei es in anderen EU Mitgliedsstaaten oder &hellip; Kooperationen Read More &raquo;\" \/>\n<meta property=\"og:url\" content=\"https:\/\/nehm-info.de\/en\/kooperationen\/\" \/>\n<meta property=\"og:site_name\" content=\"Rechtsanwalt Hilmar Nehm\" \/>\n<meta property=\"article:modified_time\" content=\"2023-01-02T15:44:01+00:00\" \/>\n<meta name=\"twitter:card\" content=\"summary_large_image\" \/>\n<meta name=\"twitter:label1\" content=\"Est. reading time\" \/>\n\t<meta name=\"twitter:data1\" content=\"1 minute\" \/>\n<script type=\"application\/ld+json\" class=\"yoast-schema-graph\">{\"@context\":\"https:\/\/schema.org\",\"@graph\":[{\"@type\":\"WebPage\",\"@id\":\"https:\/\/nehm-info.de\/kooperationen\/\",\"url\":\"https:\/\/nehm-info.de\/kooperationen\/\",\"name\":\"Kooperationen - Rechtsanwalt Hilmar Nehm\",\"isPartOf\":{\"@id\":\"https:\/\/nehm-info.de\/#website\"},\"datePublished\":\"2020-12-08T13:24:44+00:00\",\"dateModified\":\"2023-01-02T15:44:01+00:00\",\"breadcrumb\":{\"@id\":\"https:\/\/nehm-info.de\/kooperationen\/#breadcrumb\"},\"inLanguage\":\"en-US\",\"potentialAction\":[{\"@type\":\"ReadAction\",\"target\":[\"https:\/\/nehm-info.de\/kooperationen\/\"]}]},{\"@type\":\"BreadcrumbList\",\"@id\":\"https:\/\/nehm-info.de\/kooperationen\/#breadcrumb\",\"itemListElement\":[{\"@type\":\"ListItem\",\"position\":1,\"name\":\"Startseite\",\"item\":\"https:\/\/nehm-info.de\/\"},{\"@type\":\"ListItem\",\"position\":2,\"name\":\"Kooperationen\"}]},{\"@type\":\"WebSite\",\"@id\":\"https:\/\/nehm-info.de\/#website\",\"url\":\"https:\/\/nehm-info.de\/\",\"name\":\"Rechtsanwalt Hilmar Nehm\",\"description\":\"Au\u00dfenhandel, Au\u00dfenwirtschafts- und Zollrecht\",\"potentialAction\":[{\"@type\":\"SearchAction\",\"target\":{\"@type\":\"EntryPoint\",\"urlTemplate\":\"https:\/\/nehm-info.de\/?s={search_term_string}\"},\"query-input\":\"required name=search_term_string\"}],\"inLanguage\":\"en-US\"}]}<\/script>\n<!-- \/ Yoast SEO plugin. -->","yoast_head_json":{"title":"Kooperationen - Rechtsanwalt Hilmar Nehm","robots":{"index":"index","follow":"follow","max-snippet":"max-snippet:-1","max-image-preview":"max-image-preview:large","max-video-preview":"max-video-preview:-1"},"canonical":"https:\/\/nehm-info.de\/en\/kooperationen\/","og_locale":"en_US","og_type":"article","og_title":"Kooperationen - Rechtsanwalt Hilmar Nehm","og_description":"Im Laufe der vielen Jahre meiner beruflichen T\u00e4tigkeit haben sich praxiserprobte und bew\u00e4hrte Kooperationen zu Rechtsanw\u00e4lten, Steuerberatern oder Wirtschaftspr\u00fcfern entwickelt.&nbsp; Dies gilt vor allem f\u00fcr die Bereiche meiner Kompetenzfelder Au\u00dfenhandel, Au\u00dfenwirtschafts- und Zollrecht, so dass ich in diesen Bereichen \u00fcber ein Netzwerk von Spezialisten in anderen L\u00e4ndern verf\u00fcge, sei es in anderen EU Mitgliedsstaaten oder &hellip; Kooperationen Read More &raquo;","og_url":"https:\/\/nehm-info.de\/en\/kooperationen\/","og_site_name":"Rechtsanwalt Hilmar Nehm","article_modified_time":"2023-01-02T15:44:01+00:00","twitter_card":"summary_large_image","twitter_misc":{"Est. reading time":"1 minute"},"schema":{"@context":"https:\/\/schema.org","@graph":[{"@type":"WebPage","@id":"https:\/\/nehm-info.de\/kooperationen\/","url":"https:\/\/nehm-info.de\/kooperationen\/","name":"Kooperationen - Rechtsanwalt Hilmar Nehm","isPartOf":{"@id":"https:\/\/nehm-info.de\/#website"},"datePublished":"2020-12-08T13:24:44+00:00","dateModified":"2023-01-02T15:44:01+00:00","breadcrumb":{"@id":"https:\/\/nehm-info.de\/kooperationen\/#breadcrumb"},"inLanguage":"en-US","potentialAction":[{"@type":"ReadAction","target":["https:\/\/nehm-info.de\/kooperationen\/"]}]},{"@type":"BreadcrumbList","@id":"https:\/\/nehm-info.de\/kooperationen\/#breadcrumb","itemListElement":[{"@type":"ListItem","position":1,"name":"Startseite","item":"https:\/\/nehm-info.de\/"},{"@type":"ListItem","position":2,"name":"Kooperationen"}]},{"@type":"WebSite","@id":"https:\/\/nehm-info.de\/#website","url":"https:\/\/nehm-info.de\/","name":"Rechtsanwalt Hilmar Nehm","description":"Au\u00dfenhandel, Au\u00dfenwirtschafts- und Zollrecht","potentialAction":[{"@type":"SearchAction","target":{"@type":"EntryPoint","urlTemplate":"https:\/\/nehm-info.de\/?s={search_term_string}"},"query-input":"required name=search_term_string"}],"inLanguage":"en-US"}]}},"_links":{"self":[{"href":"https:\/\/nehm-info.de\/en\/wp-json\/wp\/v2\/pages\/344"}],"collection":[{"href":"https:\/\/nehm-info.de\/en\/wp-json\/wp\/v2\/pages"}],"about":[{"href":"https:\/\/nehm-info.de\/en\/wp-json\/wp\/v2\/types\/page"}],"author":[{"embeddable":true,"href":"https:\/\/nehm-info.de\/en\/wp-json\/wp\/v2\/users\/1"}],"replies":[{"embeddable":true,"href":"https:\/\/nehm-info.de\/en\/wp-json\/wp\/v2\/comments?post=344"}],"version-history":[{"count":8,"href":"https:\/\/nehm-info.de\/en\/wp-json\/wp\/v2\/pages\/344\/revisions"}],"predecessor-version":[{"id":475,"href":"https:\/\/nehm-info.de\/en\/wp-json\/wp\/v2\/pages\/344\/revisions\/475"}],"wp:attachment":[{"href":"https:\/\/nehm-info.de\/en\/wp-json\/wp\/v2\/media?parent=344"}],"curies":[{"name":"wp","href":"https:\/\/api.w.org\/{rel}","templated":true}]}}